{"id":614,"date":"2020-09-04T10:17:05","date_gmt":"2020-09-04T10:17:05","guid":{"rendered":"https:\/\/www.rabofsky.de\/?page_id=614"},"modified":"2023-07-18T13:38:36","modified_gmt":"2023-07-18T11:38:36","slug":"impressum","status":"publish","type":"page","link":"https:\/\/rabofsky.de\/en\/impressum\/","title":{"rendered":"Legal notice"},"content":{"rendered":"<div data-elementor-type=\"wp-page\" data-elementor-id=\"614\" class=\"elementor elementor-614\" data-elementor-post-type=\"page\">\n\t\t\t\t\t\t<section class=\"elementor-section elementor-top-section elementor-element elementor-element-407f53ab elementor-section-stretched elementor-section-height-min-height elementor-section-boxed elementor-section-height-default elementor-section-items-middle\" data-id=\"407f53ab\" data-element_type=\"section\" data-settings=\"{&quot;stretch_section&quot;:&quot;section-stretched&quot;,&quot;background_background&quot;:&quot;gradient&quot;}\">\n\t\t\t\t\t\t\t<div class=\"elementor-background-overlay\"><\/div>\n\t\t\t\t\t\t\t<div class=\"elementor-container elementor-column-gap-default\">\n\t\t\t\t\t<div class=\"elementor-column elementor-col-100 elementor-top-column elementor-element elementor-element-3b6e9e63\" data-id=\"3b6e9e63\" data-element_type=\"column\">\n\t\t\t<div class=\"elementor-widget-wrap elementor-element-populated\">\n\t\t\t\t\t\t<div class=\"elementor-element elementor-element-afa0e46 elementor-invisible elementor-widget elementor-widget-heading\" data-id=\"afa0e46\" data-element_type=\"widget\" data-settings=\"{&quot;_animation&quot;:&quot;fadeIn&quot;}\" data-widget_type=\"heading.default\">\n\t\t\t\t<div class=\"elementor-widget-container\">\n\t\t\t\t\t<h1 class=\"elementor-heading-title elementor-size-default\">imprint<\/h1>\t\t\t\t<\/div>\n\t\t\t\t<\/div>\n\t\t\t\t<div class=\"elementor-element elementor-element-15a89ed0 elementor-widget-divider--view-line elementor-widget elementor-widget-divider\" data-id=\"15a89ed0\" data-element_type=\"widget\" data-widget_type=\"divider.default\">\n\t\t\t\t<div class=\"elementor-widget-container\">\n\t\t\t\t\t\t\t<div class=\"elementor-divider\">\n\t\t\t<span class=\"elementor-divider-separator\">\n\t\t\t\t\t\t<\/span>\n\t\t<\/div>\n\t\t\t\t\t\t<\/div>\n\t\t\t\t<\/div>\n\t\t\t\t<div class=\"elementor-element elementor-element-52285646 elementor-invisible elementor-widget elementor-widget-heading\" data-id=\"52285646\" data-element_type=\"widget\" data-settings=\"{&quot;_animation&quot;:&quot;fadeInDown&quot;}\" data-widget_type=\"heading.default\">\n\t\t\t\t<div class=\"elementor-widget-container\">\n\t\t\t\t\t<span class=\"elementor-heading-title elementor-size-default\">All important at a glance<\/span>\t\t\t\t<\/div>\n\t\t\t\t<\/div>\n\t\t\t\t<div class=\"elementor-element elementor-element-636367e1 elementor-view-default elementor-invisible elementor-widget elementor-widget-icon\" data-id=\"636367e1\" data-element_type=\"widget\" data-settings=\"{&quot;_animation&quot;:&quot;fadeInLeft&quot;}\" data-widget_type=\"icon.default\">\n\t\t\t\t<div class=\"elementor-widget-container\">\n\t\t\t\t\t\t\t<div class=\"elementor-icon-wrapper\">\n\t\t\t<a class=\"elementor-icon\" href=\"#impressum\">\n\t\t\t<i aria-hidden=\"true\" class=\"fas fa-angle-down\"><\/i>\t\t\t<\/a>\n\t\t<\/div>\n\t\t\t\t\t\t<\/div>\n\t\t\t\t<\/div>\n\t\t\t\t\t<\/div>\n\t\t<\/div>\n\t\t\t\t\t<\/div>\n\t\t<\/section>\n\t\t\t\t<section class=\"elementor-section elementor-top-section elementor-element elementor-element-9010c4e elementor-section-boxed elementor-section-height-default elementor-section-height-default\" data-id=\"9010c4e\" data-element_type=\"section\" id=\"impressum\">\n\t\t\t\t\t\t<div class=\"elementor-container elementor-column-gap-default\">\n\t\t\t\t\t<div class=\"elementor-column elementor-col-50 elementor-top-column elementor-element elementor-element-6c208c4\" data-id=\"6c208c4\" data-element_type=\"column\">\n\t\t\t<div class=\"elementor-widget-wrap elementor-element-populated\">\n\t\t\t\t\t\t<div class=\"elementor-element elementor-element-e61e9ef elementor-widget elementor-widget-text-editor\" data-id=\"e61e9ef\" data-element_type=\"widget\" data-widget_type=\"text-editor.default\">\n\t\t\t\t<div class=\"elementor-widget-container\">\n\t\t\t\t\t\t\t\t\t<p><b>Information on the websites:<\/b><\/p><p class=\" translation-block\"><b> Liability for content <\/b> <br> The content of our pages was created with the greatest care. However, we cannot assume any liability for the correctness, completeness and topicality of the content. As a service provider, we are responsible for our own content on these pages in accordance with general law in accordance with Section 7 (1) of the German Telemedia Act. According to \u00a7\u00a7 8 to 10 TMG, as a service provider, we are not obliged to monitor transmitted or stored third-party information or to investigate circumstances that indicate illegal activity. Obligations to remove or block the use of information according to general laws remain unaffected. However, liability in this regard is only possible from the point in time at which we become aware of a specific legal violation. As soon as we become aware of such legal violations, we will remove this content immediately.<\/p><p class=\" translation-block\"><b> Liability for links <\/b> <br> Our offer contains links to external third-party websites over whose content we have no influence. Therefore, we cannot accept any liability for this third-party content. The respective provider or operator of the pages is always responsible for the content of the linked pages. The linked pages were checked for possible legal violations at the time they were linked. No illegal content was found at the time the link was created. However, permanent monitoring of the content of the linked pages is not reasonable without concrete evidence of a violation of the law. If we become aware of legal violations, we will remove such links immediately.<\/p><p class=\" translation-block\"><b> Copyright <\/b> <br> The content and works on these pages created by the website operator are subject to German copyright law. Third party contributions are marked as such. The duplication, processing, distribution and any kind of exploitation outside the limits of copyright law require the written consent of the respective author or creator. Downloads and copies of this website are only permitted for private, non-commercial use. The operators of the pages endeavor to always observe the copyrights of others or to use self-created and license-free works.<\/p><p class=\" translation-block\"><b> Data protection <\/b> <br> Insofar as personal data (e.g. name, address or email address) is collected on our website, this is always done on a voluntary basis as far as possible. As far as possible, the offers and services can always be used without providing personal data. We would like to point out that data transmission over the Internet (e.g. when communicating by e-mail) can have security gaps. A complete protection of the data against access by third parties is not possible. We hereby expressly object to the use of the contact data published in the context of the imprint obligation by third parties for sending unsolicited advertising and information materials. The operators of the pages expressly reserve the right to take legal action in the event of unsolicited sending of advertising information, such as spam emails.<\/p><p>Source: eRecht24.de - Legal advice from lawyer S\u00f6ren Siebert<\/p>\t\t\t\t\t\t\t\t<\/div>\n\t\t\t\t<\/div>\n\t\t\t\t\t<\/div>\n\t\t<\/div>\n\t\t\t\t<div class=\"elementor-column elementor-col-50 elementor-top-column elementor-element elementor-element-1482a3d\" data-id=\"1482a3d\" data-element_type=\"column\">\n\t\t\t<div class=\"elementor-widget-wrap elementor-element-populated\">\n\t\t\t\t\t\t<div class=\"elementor-element elementor-element-54f8685 elementor-widget elementor-widget-text-editor\" data-id=\"54f8685\" data-element_type=\"widget\" data-widget_type=\"text-editor.default\">\n\t\t\t\t<div class=\"elementor-widget-container\">\n\t\t\t\t\t\t\t\t\t<p><b>Company address:<\/b><br \/>Karl Rabofsky GmbH<br \/>Motzener Str. 10A<br \/>12277 Berlin<br \/>Germany<br \/>Telefon: +49 (0) 30 \/ 71 30 26 &#8211; 0<br \/>Telefax: +49 (0) 30 \/ 71 30 26 &#8211; 13<br \/>Email: rabofsky@rabofsky.de<br \/>Internet: www.rabofsky.de<\/p><p><b>Chief Executive Officer:<\/b><br \/>Dr. Michael Sperling<br \/>Alexander Sperling<br \/>Andrea Sperling<br \/>Stephani Gittner<\/p><p><b>Commercial register:<\/b><br \/>AG Berlin Charlottenburg<br \/>HR B 1857<\/p><p><b>Sales tax identification number:<\/b><br \/>DE 136734232<\/p>\t\t\t\t\t\t\t\t<\/div>\n\t\t\t\t<\/div>\n\t\t\t\t\t<\/div>\n\t\t<\/div>\n\t\t\t\t\t<\/div>\n\t\t<\/section>\n\t\t\t\t<\/div>","protected":false},"excerpt":{"rendered":"<p>impressum Alles wichtige auf einen Blick Angaben zu den Webseiten: Haftung f\u00fcr InhalteDie Inhalte unserer Seiten wurden mit gr\u00f6\u00dfter Sorgfalt erstellt. F\u00fcr die Richtigkeit, Vollst\u00e4ndigkeit und Aktualit\u00e4t der Inhalte k\u00f6nnen wir jedoch keine Gew\u00e4hr \u00fcbernehmen. Als Diensteanbieter sind wir gem\u00e4\u00df \u00a7 7 Abs.1 TMG f\u00fcr eigene Inhalte auf diesen Seiten nach den allgemeinen Gesetzen verantwortlich. [&hellip;]<\/p>","protected":false},"author":1,"featured_media":0,"parent":0,"menu_order":0,"comment_status":"closed","ping_status":"closed","template":"","meta":{"ocean_post_layout":"full-screen","ocean_both_sidebars_style":"","ocean_both_sidebars_content_width":0,"ocean_both_sidebars_sidebars_width":0,"ocean_sidebar":"0","ocean_second_sidebar":"0","ocean_disable_margins":"enable","ocean_add_body_class":"","ocean_shortcode_before_top_bar":"","ocean_shortcode_after_top_bar":"","ocean_shortcode_before_header":"","ocean_shortcode_after_header":"","ocean_has_shortcode":"","ocean_shortcode_after_title":"","ocean_shortcode_before_footer_widgets":"","ocean_shortcode_after_footer_widgets":"","ocean_shortcode_before_footer_bottom":"","ocean_shortcode_after_footer_bottom":"","ocean_display_top_bar":"off","ocean_display_header":"default","ocean_header_style":"","ocean_center_header_left_menu":"0","ocean_custom_header_template":"0","ocean_custom_logo":0,"ocean_custom_retina_logo":0,"ocean_custom_logo_max_width":0,"ocean_custom_logo_tablet_max_width":0,"ocean_custom_logo_mobile_max_width":0,"ocean_custom_logo_max_height":0,"ocean_custom_logo_tablet_max_height":0,"ocean_custom_logo_mobile_max_height":0,"ocean_header_custom_menu":"0","ocean_menu_typo_font_family":"0","ocean_menu_typo_font_subset":"","ocean_menu_typo_font_size":0,"ocean_menu_typo_font_size_tablet":0,"ocean_menu_typo_font_size_mobile":0,"ocean_menu_typo_font_size_unit":"px","ocean_menu_typo_font_weight":"","ocean_menu_typo_font_weight_tablet":"","ocean_menu_typo_font_weight_mobile":"","ocean_menu_typo_transform":"","ocean_menu_typo_transform_tablet":"","ocean_menu_typo_transform_mobile":"","ocean_menu_typo_line_height":0,"ocean_menu_typo_line_height_tablet":0,"ocean_menu_typo_line_height_mobile":0,"ocean_menu_typo_line_height_unit":"","ocean_menu_typo_spacing":0,"ocean_menu_typo_spacing_tablet":0,"ocean_menu_typo_spacing_mobile":0,"ocean_menu_typo_spacing_unit":"","ocean_menu_link_color":"","ocean_menu_link_color_hover":"","ocean_menu_link_color_active":"","ocean_menu_link_background":"","ocean_menu_link_hover_background":"","ocean_menu_link_active_background":"","ocean_menu_social_links_bg":"","ocean_menu_social_hover_links_bg":"","ocean_menu_social_links_color":"","ocean_menu_social_hover_links_color":"","ocean_disable_title":"on","ocean_disable_heading":"default","ocean_post_title":"","ocean_post_subheading":"","ocean_post_title_style":"","ocean_post_title_background_color":"","ocean_post_title_background":0,"ocean_post_title_bg_image_position":"","ocean_post_title_bg_image_attachment":"","ocean_post_title_bg_image_repeat":"","ocean_post_title_bg_image_size":"","ocean_post_title_height":0,"ocean_post_title_bg_overlay":0.5,"ocean_post_title_bg_overlay_color":"","ocean_disable_breadcrumbs":"default","ocean_breadcrumbs_color":"","ocean_breadcrumbs_separator_color":"","ocean_breadcrumbs_links_color":"","ocean_breadcrumbs_links_hover_color":"","ocean_display_footer_widgets":"off","ocean_display_footer_bottom":"off","ocean_custom_footer_template":"0","footnotes":""},"class_list":["post-614","page","type-page","status-publish","hentry","entry"],"yoast_head":"<!-- This site is optimized with the Yoast SEO plugin v22.6 - https:\/\/yoast.com\/wordpress\/plugins\/seo\/ -->\n<title>Impressum - Karl Rabofsky GmbH<\/title>\n<meta name=\"robots\" content=\"index, follow, max-snippet:-1, max-image-preview:large, max-video-preview:-1\" \/>\n<link rel=\"canonical\" href=\"https:\/\/rabofsky.de\/en\/impressum\/\" \/>\n<meta property=\"og:locale\" content=\"en_US\" \/>\n<meta property=\"og:type\" content=\"article\" \/>\n<meta property=\"og:title\" content=\"Impressum - Karl Rabofsky GmbH\" \/>\n<meta property=\"og:description\" content=\"impressum Alles wichtige auf einen Blick Angaben zu den Webseiten: Haftung f\u00fcr InhalteDie Inhalte unserer Seiten wurden mit gr\u00f6\u00dfter Sorgfalt erstellt. F\u00fcr die Richtigkeit, Vollst\u00e4ndigkeit und Aktualit\u00e4t der Inhalte k\u00f6nnen wir jedoch keine Gew\u00e4hr \u00fcbernehmen. Als Diensteanbieter sind wir gem\u00e4\u00df \u00a7 7 Abs.1 TMG f\u00fcr eigene Inhalte auf diesen Seiten nach den allgemeinen Gesetzen verantwortlich. [&hellip;]\" \/>\n<meta property=\"og:url\" content=\"https:\/\/rabofsky.de\/en\/impressum\/\" \/>\n<meta property=\"og:site_name\" content=\"Karl Rabofsky GmbH\" \/>\n<meta property=\"article:modified_time\" content=\"2023-07-18T11:38:36+00:00\" \/>\n<meta name=\"twitter:card\" content=\"summary_large_image\" \/>\n<meta name=\"twitter:label1\" content=\"Est. reading time\" \/>\n\t<meta name=\"twitter:data1\" content=\"3 minutes\" \/>\n<script type=\"application\/ld+json\" class=\"yoast-schema-graph\">{\"@context\":\"https:\/\/schema.org\",\"@graph\":[{\"@type\":\"WebPage\",\"@id\":\"https:\/\/rabofsky.de\/impressum\/\",\"url\":\"https:\/\/rabofsky.de\/impressum\/\",\"name\":\"Impressum - Karl Rabofsky GmbH\",\"isPartOf\":{\"@id\":\"https:\/\/rabofsky.de\/#website\"},\"datePublished\":\"2020-09-04T10:17:05+00:00\",\"dateModified\":\"2023-07-18T11:38:36+00:00\",\"breadcrumb\":{\"@id\":\"https:\/\/rabofsky.de\/impressum\/#breadcrumb\"},\"inLanguage\":\"en-US\",\"potentialAction\":[{\"@type\":\"ReadAction\",\"target\":[\"https:\/\/rabofsky.de\/impressum\/\"]}]},{\"@type\":\"BreadcrumbList\",\"@id\":\"https:\/\/rabofsky.de\/impressum\/#breadcrumb\",\"itemListElement\":[{\"@type\":\"ListItem\",\"position\":1,\"name\":\"Startseite\",\"item\":\"https:\/\/rabofsky.de\/\"},{\"@type\":\"ListItem\",\"position\":2,\"name\":\"Impressum\"}]},{\"@type\":\"WebSite\",\"@id\":\"https:\/\/rabofsky.de\/#website\",\"url\":\"https:\/\/rabofsky.de\/\",\"name\":\"Karl Rabofsky GmbH\",\"description\":\"Faltmaschinen &amp; Erneuerbare Energien\",\"publisher\":{\"@id\":\"https:\/\/rabofsky.de\/#organization\"},\"potentialAction\":[{\"@type\":\"SearchAction\",\"target\":{\"@type\":\"EntryPoint\",\"urlTemplate\":\"https:\/\/rabofsky.de\/?s={search_term_string}\"},\"query-input\":\"required name=search_term_string\"}],\"inLanguage\":\"en-US\"},{\"@type\":\"Organization\",\"@id\":\"https:\/\/rabofsky.de\/#organization\",\"name\":\"Karl Rabofsky GmbH\",\"url\":\"https:\/\/rabofsky.de\/\",\"logo\":{\"@type\":\"ImageObject\",\"inLanguage\":\"en-US\",\"@id\":\"https:\/\/rabofsky.de\/#\/schema\/logo\/image\/\",\"url\":\"https:\/\/rabofsky.de\/wp-content\/uploads\/2020\/09\/cropped-cropped-RabofskyLogo-2020-Falte-since-1.png\",\"contentUrl\":\"https:\/\/rabofsky.de\/wp-content\/uploads\/2020\/09\/cropped-cropped-RabofskyLogo-2020-Falte-since-1.png\",\"width\":1854,\"height\":382,\"caption\":\"Karl Rabofsky GmbH\"},\"image\":{\"@id\":\"https:\/\/rabofsky.de\/#\/schema\/logo\/image\/\"}}]}<\/script>\n<!-- \/ Yoast SEO plugin. -->","yoast_head_json":{"title":"Impressum - Karl Rabofsky GmbH","robots":{"index":"index","follow":"follow","max-snippet":"max-snippet:-1","max-image-preview":"max-image-preview:large","max-video-preview":"max-video-preview:-1"},"canonical":"https:\/\/rabofsky.de\/en\/impressum\/","og_locale":"en_US","og_type":"article","og_title":"Impressum - Karl Rabofsky GmbH","og_description":"impressum Alles wichtige auf einen Blick Angaben zu den Webseiten: Haftung f\u00fcr InhalteDie Inhalte unserer Seiten wurden mit gr\u00f6\u00dfter Sorgfalt erstellt. F\u00fcr die Richtigkeit, Vollst\u00e4ndigkeit und Aktualit\u00e4t der Inhalte k\u00f6nnen wir jedoch keine Gew\u00e4hr \u00fcbernehmen. Als Diensteanbieter sind wir gem\u00e4\u00df \u00a7 7 Abs.1 TMG f\u00fcr eigene Inhalte auf diesen Seiten nach den allgemeinen Gesetzen verantwortlich. [&hellip;]","og_url":"https:\/\/rabofsky.de\/en\/impressum\/","og_site_name":"Karl Rabofsky GmbH","article_modified_time":"2023-07-18T11:38:36+00:00","twitter_card":"summary_large_image","twitter_misc":{"Est. reading time":"3 minutes"},"schema":{"@context":"https:\/\/schema.org","@graph":[{"@type":"WebPage","@id":"https:\/\/rabofsky.de\/impressum\/","url":"https:\/\/rabofsky.de\/impressum\/","name":"Impressum - Karl Rabofsky GmbH","isPartOf":{"@id":"https:\/\/rabofsky.de\/#website"},"datePublished":"2020-09-04T10:17:05+00:00","dateModified":"2023-07-18T11:38:36+00:00","breadcrumb":{"@id":"https:\/\/rabofsky.de\/impressum\/#breadcrumb"},"inLanguage":"en-US","potentialAction":[{"@type":"ReadAction","target":["https:\/\/rabofsky.de\/impressum\/"]}]},{"@type":"BreadcrumbList","@id":"https:\/\/rabofsky.de\/impressum\/#breadcrumb","itemListElement":[{"@type":"ListItem","position":1,"name":"Startseite","item":"https:\/\/rabofsky.de\/"},{"@type":"ListItem","position":2,"name":"Impressum"}]},{"@type":"WebSite","@id":"https:\/\/rabofsky.de\/#website","url":"https:\/\/rabofsky.de\/","name":"Karl Rabofsky GmbH","description":"Faltmaschinen &amp; Erneuerbare Energien","publisher":{"@id":"https:\/\/rabofsky.de\/#organization"},"potentialAction":[{"@type":"SearchAction","target":{"@type":"EntryPoint","urlTemplate":"https:\/\/rabofsky.de\/?s={search_term_string}"},"query-input":"required name=search_term_string"}],"inLanguage":"en-US"},{"@type":"Organization","@id":"https:\/\/rabofsky.de\/#organization","name":"Karl Rabofsky GmbH","url":"https:\/\/rabofsky.de\/","logo":{"@type":"ImageObject","inLanguage":"en-US","@id":"https:\/\/rabofsky.de\/#\/schema\/logo\/image\/","url":"https:\/\/rabofsky.de\/wp-content\/uploads\/2020\/09\/cropped-cropped-RabofskyLogo-2020-Falte-since-1.png","contentUrl":"https:\/\/rabofsky.de\/wp-content\/uploads\/2020\/09\/cropped-cropped-RabofskyLogo-2020-Falte-since-1.png","width":1854,"height":382,"caption":"Karl Rabofsky GmbH"},"image":{"@id":"https:\/\/rabofsky.de\/#\/schema\/logo\/image\/"}}]}},"_links":{"self":[{"href":"https:\/\/rabofsky.de\/en\/wp-json\/wp\/v2\/pages\/614","targetHints":{"allow":["GET"]}}],"collection":[{"href":"https:\/\/rabofsky.de\/en\/wp-json\/wp\/v2\/pages"}],"about":[{"href":"https:\/\/rabofsky.de\/en\/wp-json\/wp\/v2\/types\/page"}],"author":[{"embeddable":true,"href":"https:\/\/rabofsky.de\/en\/wp-json\/wp\/v2\/users\/1"}],"replies":[{"embeddable":true,"href":"https:\/\/rabofsky.de\/en\/wp-json\/wp\/v2\/comments?post=614"}],"version-history":[{"count":9,"href":"https:\/\/rabofsky.de\/en\/wp-json\/wp\/v2\/pages\/614\/revisions"}],"predecessor-version":[{"id":24065,"href":"https:\/\/rabofsky.de\/en\/wp-json\/wp\/v2\/pages\/614\/revisions\/24065"}],"wp:attachment":[{"href":"https:\/\/rabofsky.de\/en\/wp-json\/wp\/v2\/media?parent=614"}],"curies":[{"name":"wp","href":"https:\/\/api.w.org\/{rel}","templated":true}]}}